{"id":18,"date":"2016-05-03T23:23:25","date_gmt":"2016-05-03T21:23:25","guid":{"rendered":"http:\/\/thinkadvantage.ch\/?page_id=18"},"modified":"2024-07-08T15:39:16","modified_gmt":"2024-07-08T15:39:16","slug":"konzerte","status":"publish","type":"page","link":"https:\/\/www.raphaeleymann.ch\/?page_id=18","title":{"rendered":"Konzerte"},"content":{"rendered":"\n<figure class=\"wp-block-table\"><table><tbody><tr><th>Datum<\/th><th>Location<\/th><th>Bands<\/th><\/tr><tr><td>31.12.2005<\/td><td>Z7<\/td><td>Children of Bodom<br>Ektomorf<br>One man Army<\/td><\/tr><tr><td>02.06.2006<\/td><td>Rock im Park<\/td><td>Alter Bridge<br>Cradle Of Filth<br>Danko Jones<br>Depeche Mode<br>Franz Ferdinand<br>In Flames<br>Lacuna Coil<br>Opeth<br>Placebo<br>Soulfly<br>Sportfreunde Stiller<\/td><\/tr><tr><td>03.06.2006<\/td><td>Rock im Park<\/td><td>Alice in Chains<br>Bela B.<br>Bloodsimple<br>Deftones<br>Dir En Grey<br>Korn<br>Stone Sour<\/td><\/tr><tr><td>04.06.2006<\/td><td>Rock im Park<\/td><td>Avenged Sevenfold<br>Bullet For My Valentine<br>Metallica<br>Reamonn<br>The Darkness<br>Trivium<\/td><\/tr><tr><td>03.03.2007<\/td><td>Fri-Son<\/td><td>Stone Sour<\/td><\/tr><tr><td>26.05.2007<\/td><td>Fri-Son<\/td><td>Annihilator<br>Sanctity<br>Trivium<\/td><\/tr><tr><td>01.06.2007<\/td><td>Rock im Park<\/td><td>Die \u00c4rzte<br>Hinder<br>Korn<br>Revolverheld<br>Velvet Revolver<\/td><\/tr><tr><td>02.06.2007<\/td><td>Rock im Park<\/td><td>Billy Talent<br>Linkin Park<br>Muse<br>The Hives<br>The White Stripes<\/td><\/tr><tr><td>03.06.2007<\/td><td>Rock im Park<\/td><td>Bloodsimple<br>Bowling For Soup<br>From Autumn To Ashes<br>Killswitch Engage<br>Lamb Of God<br>Machine Head<br>Slayer<br>Stone Sour<br>Type O Negative<\/td><\/tr><tr><td>07.12.2007<\/td><td>Volkshaus<\/td><td>Arch Enemy<br>Dragonforce<br>Machine Head<br>Shadows Fall<br>Trivium<\/td><\/tr><tr><td>09.11.2007<\/td><td>Volkshaus<\/td><td>Apocalyptica<br>Sturm und Drang<\/td><\/tr><tr><td>01.01.2008<\/td><td>Interlaken<\/td><td>Stress<\/td><\/tr><tr><td>29.02.2008<\/td><td>Hallenstadion<\/td><td>Nightwish<br>Pain<\/td><\/tr><tr><td>06.06.2008<\/td><td>Rock im Park<\/td><td>Black Dahlia Murder<br>Black Tide<br>Bloodlights<br>Die Toten Hosen<br>Dimmu Borgir<br>High On Fire<br>HIM<br>Pendulum<br>Queens Of The Stone Age<br>Turisas<\/td><\/tr><tr><td>07.06.2008<\/td><td>Rock im Park<\/td><td>Animal Alpha<br>Bullet For My Valentine<br>Cavalera Conspiracy<br>Coheed &amp; Cambria<br>Motorhead<br>Opeth<br>Rage Against The Machine<br>Seether<br>Silverstein<br>The Prodigy<\/td><\/tr><tr><td>08.06.2008<\/td><td>Rock im Park<\/td><td>Alpha Galates<br>Alter Bridge<br>Danko Jones<br>Disturbed<br>In Flames<br>Metallica<br>Nightwish<br>The Offspring<\/td><\/tr><tr><td>17.08.2008<\/td><td>Degenau Park<\/td><td>Metallica<br>Mnemic<br>Within Temptation<\/td><\/tr><tr><td>29.08.2008<\/td><td>Abart<\/td><td>Dredg<\/td><\/tr><tr><td>17.11.2008<\/td><td>Eishalle Winterthur<\/td><td>Children of Bodom<br>Machine Head<br>Slipknot<\/td><\/tr><tr><td>24.11.2008<\/td><td>Fri-Son<\/td><td>Bleeding Through<br>Bullet For My Valentine<br>Lacuna Coil<\/td><\/tr><tr><td>05.12.2008<\/td><td>Rohstofflager<\/td><td>Cynic<br>Opeth<br>The Ocean<\/td><\/tr><tr><td>15.12.2008<\/td><td>Z7<\/td><td>Arch Enemy<br>Leaves Eyes<br>Mercenary<\/td><\/tr><tr><td>20.02.2009<\/td><td>Rohstofflager<\/td><td>Beatsteaks<br>Incite<br>Soulfly<br>Vale Tudo<\/td><\/tr><tr><td>12.06.2009<\/td><td>Greenfield<\/td><td>Nightwish<br>Shinedown<br>Trivium<\/td><\/tr><tr><td>13.06.2009<\/td><td>Greenfield<\/td><td>Faith no More<\/td><\/tr><tr><td>14.06.2009<\/td><td>Greenfield<\/td><td>Disturbed<br>Korn<br>Slipknot<\/td><\/tr><tr><td>16.07.2009<\/td><td>Hallenstadion<\/td><td>Metallica<\/td><\/tr><tr><td>02.06.2010<\/td><td>Stade de Suisse<\/td><td>Editors<br>Muse<\/td><\/tr><tr><td>03.06.2010<\/td><td>Rock im Park<\/td><td>Rage Against The Machine<\/td><\/tr><tr><td>04.06.2010<\/td><td>Rock im Park<\/td><td>Bullet For My Valentine<br>Five Finger death Punch<br>Pendulum<br>Rammstein<\/td><\/tr><tr><td>05.06.2010<\/td><td>Rock im Park<\/td><td>Cypress Hill<br>Kiss<br>Slash<br>Sportfreunde Stiller<\/td><\/tr><tr><td>06.06.2010<\/td><td>Rock im Park<\/td><td>Alice in Chains<br>As I lay dying<br>Hellyeah<br>Lamb Of God<br>Stone Sour<br>Volbeat<\/td><\/tr><tr><td>11.06.2010<\/td><td>Greenfield<\/td><td>Beatsteaks<br>The Hives<br>The Prodigy<br>WIZO<\/td><\/tr><tr><td>12.06.2010<\/td><td>Greenfield<\/td><td>Eluveitie<br>Killswitch Engage<br>Rammstein<br>Unheilig<\/td><\/tr><tr><td>13.06.2010<\/td><td>Greenfield<\/td><td>Coheed &amp; Cambria<br>Danko Jones<br>HIM<br>Juliette Lewis<br>Sepultura<\/td><\/tr><tr><td>18.10.2010<\/td><td>Sch\u00fctzenhaus Albisg\u00fcetli Z\u00fcrich<\/td><td>Apocalyptica<\/td><\/tr><tr><td>23.10.2010<\/td><td>Rote Fabrik Zuerich<\/td><td>Danko Jones<br>Young Guns<\/td><\/tr><tr><td>11.12.2010<\/td><td>Komplex 457<\/td><td>Daath<br>Fear Factory<br>High On Fire<\/td><\/tr><tr><td>10.04.2011<\/td><td>Z7<\/td><td>Akrea<br>Turisas<\/td><\/tr><tr><td>12.04.2011<\/td><td>Z7<\/td><td>Children of Bodom<br>Ensiferum<br>Machine Supremacy<\/td><\/tr><tr><td>13.04.2011<\/td><td>Volkshaus<\/td><td>Megadeth<br>Slayer<\/td><\/tr><tr><td>23.04.2011<\/td><td>Les Docks<\/td><td>Coroner<\/td><\/tr><tr><td>09.06.2011<\/td><td>Greenfield<\/td><td>Flogging Molly<br>Foo Fighters<br>System of a Down<\/td><\/tr><tr><td>10.06.2011<\/td><td>Greenfield<\/td><td>Apocalyptica<br>Disturbed<br>Lacuna Coil<br>Sick of it All<br>Wolfmother<\/td><\/tr><tr><td>11.06.2011<\/td><td>Greenfield<\/td><td>Social Distortion<br>Volbeat<\/td><\/tr><tr><td>24.06.2011<\/td><td>Sonisphere<\/td><td>In Flames<br>Iron Maiden<br>Slipknot<\/td><\/tr><tr><td>31.07.2011<\/td><td>La Cueva<\/td><td>Clowerfield<br>Coroner<\/td><\/tr><tr><td>21.10.2011<\/td><td>Hallenstadion<\/td><td>Motorhead<br>The Vibes<\/td><\/tr><tr><td>06.11.2011<\/td><td>Komplex 457<\/td><td>Blowsight<br>Trivium<\/td><\/tr><tr><td>09.11.2011<\/td><td>St. Jakobshalle<\/td><td>Clutch<br>Volbeat<\/td><\/tr><tr><td>21.11.2011<\/td><td>Volkshaus<\/td><td>Bring me the Horizon<br>Devil Driver<br>Machine Head<\/td><\/tr><tr><td>09.12.2011<\/td><td>Bierhuebeli<\/td><td>Biters<br>Danko Jones<\/td><\/tr><tr><td>12.12.2011<\/td><td>Hallenstadion<\/td><td>Rammstein<\/td><\/tr><tr><td>13.12.2011<\/td><td>Hallenstadion<\/td><td>Foals<br>Red Hot Chilli Peppers<\/td><\/tr><tr><td>30.12.2011<\/td><td>Volkshaus<\/td><td>Excelsis<br>Korpiklaani<\/td><\/tr><tr><td>21.01.2012<\/td><td>Gaskesseel<\/td><td>Accreation<br>Allys Fate<br>Petrefakt<br>Strain of Madness<br>Tenter Hooks<\/td><\/tr><tr><td>25.05.2012<\/td><td>Gaskesseel<\/td><td>Accreation<br>Bright november<br>Tenter Hooks<\/td><\/tr><tr><td>30.05.2012<\/td><td>Sonisphere<\/td><td>Mastodon<br>Metallica<br>Motorhead<br>Slayer<\/td><\/tr><tr><td>01.06.2012<\/td><td>Rock im Park<\/td><td>Billy Talent<br>Metallica<br>Skrillex<\/td><\/tr><tr><td>02.06.2012<\/td><td>Rock im Park<\/td><td>As I lay dying<br>AxeWound<br>Devil Driver<br>Ghost<br>Graveyard<br>Opeth<\/td><\/tr><tr><td>03.06.2012<\/td><td>Rock im Park<\/td><td>Anthrax<br>Evanescence<br>Guano Apes<br>Killswitch Engage<br>Lamb Of God<br>Machine Head<br>Trivium<\/td><\/tr><tr><td>05.06.2012<\/td><td>Sch\u00fc\u00fcr Luzern<\/td><td>As I lay dying<br>Trivium<br>Upon a burning Body<\/td><\/tr><tr><td>24.10.2012<\/td><td>Galerie Pratteln<\/td><td>Ektomorf<br>Privilege of Approval<br>Sold for Evil<\/td><\/tr><tr><td>14.11.2012<\/td><td>St. Jakobshalle<\/td><td>Muse<\/td><\/tr><tr><td>27.10.2012<\/td><td>Komplex 457<\/td><td>Adrenaline 101<br>Bombus<br>Danko Jones<\/td><\/tr><tr><td>13.06.2013<\/td><td>Greenfield<\/td><td>Graveyard<br>Queens Of The Stone Age<br>Rammstein<br>Within Temptation<\/td><\/tr><tr><td>14.06.2013<\/td><td>Greenfield<\/td><td>Danko Jones<br>NOFX<br>Slayer<br>The Prodigy<\/td><\/tr><tr><td>11.10.2013<\/td><td>x-tra<\/td><td>Editors<\/td><\/tr><tr><td>15.11.2013<\/td><td>Komplex 457<\/td><td>In The Valley Below<br>me.man.machine.<br>White Lies<\/td><\/tr><tr><td>15.06.2013<\/td><td>Stade de Suisse<\/td><td>Muse<\/td><\/tr><tr><td>18.06.2013<\/td><td>Komplex 457<\/td><td>Limp Bizkit<\/td><\/tr><tr><td>01.01.2014<\/td><td>Interlaken<\/td><td>77 Bombay Street<br>Lunik<\/td><\/tr><tr><td>04.07.2014<\/td><td>St. Jakob Stadion Basel<\/td><td>Airbourne<br>Alice in Chains<br>Kvelertak<br>Metallica<\/td><\/tr><tr><td>30.08.2014<\/td><td>Z\u00fcrich Openair<\/td><td>Deadmau5<br>Editors<br>Woodkid<\/td><\/tr><tr><td>31.08.2014<\/td><td>Z\u00fcrich Openair<\/td><td>White Lies<\/td><\/tr><tr><td>13.02.2014<\/td><td>Hallenstadion<\/td><td>Ennio Morricone<\/td><\/tr><tr><td>06.06.2015<\/td><td>Strand Biel<\/td><td>Incubus<br>Muse<\/td><\/tr><tr><td>12.06.2015<\/td><td>Greenfield<\/td><td>Motorhead<\/td><\/tr><tr><td>13.06.2015<\/td><td>Greenfield<\/td><td>Danko Jones<\/td><\/tr><tr><td>17.07.2015<\/td><td>Gurten<\/td><td>Faithless<br>Giorgio Moroder<\/td><\/tr><tr><td>29.08.2015<\/td><td>Z\u00fcrich Openair<\/td><td>Paul Kalkbrenner<br>Skrillex<\/td><\/tr><tr><td>29.09.2015<\/td><td>The Olympia Theatre<\/td><td>Bullet For My Valentine<\/td><\/tr><tr><td>11.05.2016<\/td><td>Hallenstadion Z\u00fcrich<\/td><td>Muse<\/td><\/tr><tr><td>08.06.2016<\/td><td>Greenfield<\/td><td>Red Hot Chilli Peppers<\/td><\/tr><tr><td>09.06.2016<\/td><td>Greenfield<\/td><td>Killswitch Engage<br>Pennywise<br>Bullet for my Valentine<br>Dropkick Murphys<br>Volbeat<\/td><\/tr><tr><td>10.06.2016<\/td><td>Greenfield<\/td><td>Amon Amarth<br>Billy Talent<\/td><\/tr><tr><td>11.06.2016<\/td><td>Greenfield<\/td><td>The Hives<br>The Prodigy<\/td><\/tr><tr><td>15.07.2016<\/td><td>Montreux Jazz Festival<\/td><td>Woodkid<\/td><\/tr><tr><td>07.02.2017<\/td><td>Volkshaus Z\u00fcrich<\/td><td>Apocalyptica<\/td><\/tr><tr><td>29.03.2017<\/td><td>Kofmehl Solothurn<\/td><td>Danko Jones<\/td><\/tr><tr><td>21.04.2018<\/td><td>Komplex 457<\/td><td>October Drift <br>The Editors<\/td><\/tr><tr><td>07.06.2018<\/td><td>Greenfield<\/td><td>The Hives<br>The Prodigy<\/td><\/tr><tr><td>08.06.2018<\/td><td>Greenfield<\/td><td>Arch Enemy<br>Limp Bizkit<\/td><\/tr><tr><td>09.06.2018<\/td><td>Greenfield<\/td><td>Korpiklaani<br>Eisbrecher<br>Bullet for my Valentine<br>The Offspring<br>Volbeat<\/td><\/tr><tr><td>13.06.2019<\/td><td>Greenfield<\/td><td>Dropkick Murphys<br>Beartooth<br>Die Toten Hosen<\/td><\/tr><tr><td>14.06.2019<\/td><td>Greenfield<\/td><td>Lamb of God<br>Papa Roach<br>Amon Amarth<br>Slipknot<\/td><\/tr><tr><td>15.06.2019<\/td><td>Greenfield<\/td><td>Graveyard<\/td><\/tr><tr><td>25.06.2019<\/td><td>Hallenstadion<\/td><td>FIEND <br>Tool<\/td><\/tr><tr><td>05.11.2019<\/td><td>Hallenstadion<\/td><td>Danko Jones<br>Baroness<br>Volbeat<\/td><\/tr><tr><td>10.11.2019<\/td><td>KKL<\/td><td>London Mozart Orchestra &#8211; Vivaldis 4 Jahreszeiten<\/td><\/tr><tr><td><\/td><td><\/td><td>CORONA<\/td><\/tr><tr><td>10.12.2021<\/td><td>Bierh\u00fcbeli<\/td><td>The Gardner and the Tree<\/td><\/tr><tr><td>09.06.2022<\/td><td>Greenfield<\/td><td>Electric Callboy<br>The Offspring<br>Korn<\/td><\/tr><tr><td>10.06.2022<\/td><td>Greenfield<\/td><td>Burning Witches<br>Heaven Shall Burn<br>Jinjer<br>Rise Against<br>Volbeat<\/td><\/tr><tr><td>11.06.2022<\/td><td>Greenfield<\/td><td>Wizo<br>Bury Tomorrow<\/td><\/tr><tr><td>18.06.2022<\/td><td>Stadion Thun<\/td><td>Pascow<br>Beatsteaks<br>Die \u00c4rzte<\/td><\/tr><tr><td>06.11.2022<\/td><td>KKL<\/td><td>EPIC \u2013 Legend\u00e4re Soundtracks &#8211; 21st Century Orchestra &amp; Chorus<\/td><\/tr><tr><td>08.06.2023<\/td><td>Greenfield<\/td><td>Die \u00c4rzte<\/td><\/tr><tr><td>10.06.2023<\/td><td>Greenfield<\/td><td>Wolfmother<br>Amon Amarth<br>Slipknot<\/td><\/tr><tr><td>12.07.2023<\/td><td>BEA Expo Gel\u00e4nde Bern<\/td><td>Emilie Zoe<br>Royal Blood<br>Muse<\/td><\/tr><tr><td>07.06.2024<\/td><td>KKL<\/td><td>\u00abThe Lord of the Rings\u00bb Symphony &#8211; 21st Century Orchestra &amp; Chorus<\/td><\/tr><tr><td>19.06.2024<\/td><td>Tellspiel Arena<\/td><td>The Music of Hans Zimmer &amp; others &#8211; A Celebration of Film Music &#8211; &nbsp;Staatlichen Akademischen Symphonie-Orchester und dem Chor der Republik Wei\u00dfru\u00dfland<\/td><\/tr><\/tbody><\/table><\/figure>\n\n\n\n<p><\/p>\n","protected":false},"excerpt":{"rendered":"<p>Datum Location Bands 31.12.2005 Z7 Children of BodomEktomorfOne man Army 02.06.2006 Rock im Park Alter BridgeCradle Of FilthDanko JonesDepeche ModeFranz FerdinandIn FlamesLacuna CoilOpethPlaceboSoulflySportfreunde Stiller 03.06.2006 Rock im Park Alice in ChainsBela B.BloodsimpleDeftonesDir En GreyKornStone Sour 04.06.2006 Rock im Park Avenged SevenfoldBullet For My ValentineMetallicaReamonnThe DarknessTrivium 03.03.2007 Fri-Son Stone Sour 26.05.2007 Fri-Son AnnihilatorSanctityTrivium 01.06.2007 Rock im&hellip;<\/p>\n","protected":false},"author":2,"featured_media":0,"parent":0,"menu_order":1,"comment_status":"closed","ping_status":"closed","template":"","meta":{"footnotes":""},"class_list":["post-18","page","type-page","status-publish","hentry"],"_links":{"self":[{"href":"https:\/\/www.raphaeleymann.ch\/index.php?rest_route=\/wp\/v2\/pages\/18","targetHints":{"allow":["GET"]}}],"collection":[{"href":"https:\/\/www.raphaeleymann.ch\/index.php?rest_route=\/wp\/v2\/pages"}],"about":[{"href":"https:\/\/www.raphaeleymann.ch\/index.php?rest_route=\/wp\/v2\/types\/page"}],"author":[{"embeddable":true,"href":"https:\/\/www.raphaeleymann.ch\/index.php?rest_route=\/wp\/v2\/users\/2"}],"replies":[{"embeddable":true,"href":"https:\/\/www.raphaeleymann.ch\/index.php?rest_route=%2Fwp%2Fv2%2Fcomments&post=18"}],"version-history":[{"count":2,"href":"https:\/\/www.raphaeleymann.ch\/index.php?rest_route=\/wp\/v2\/pages\/18\/revisions"}],"predecessor-version":[{"id":1011,"href":"https:\/\/www.raphaeleymann.ch\/index.php?rest_route=\/wp\/v2\/pages\/18\/revisions\/1011"}],"wp:attachment":[{"href":"https:\/\/www.raphaeleymann.ch\/index.php?rest_route=%2Fwp%2Fv2%2Fmedia&parent=18"}],"curies":[{"name":"wp","href":"https:\/\/api.w.org\/{rel}","templated":true}]}}